{"id":90,"date":"2022-02-08T14:16:55","date_gmt":"2022-02-08T13:16:55","guid":{"rendered":"https:\/\/www.lesrecettesdesebastien.ml\/?page_id=90"},"modified":"2022-07-28T16:12:20","modified_gmt":"2022-07-28T14:12:20","slug":"conseils","status":"publish","type":"page","link":"https:\/\/recettes.lesmournandises.fr\/index.php\/conseils\/","title":{"rendered":"Conseils"},"content":{"rendered":"\n<h3 class=\"wp-block-heading\" id=\"gelatine-et-agar-agar\">G\u00e9latine et Agar-agar<\/h3>\n\n\n\n<p>La g\u00e9latine est g\u00e9n\u00e9ralement produite \u00e0 base de porc (plus rarement de bovin), raison pour laquelle je lui pr\u00e9f\u00e8re l&rsquo;agar-agar produite \u00e0 partir d&rsquo;algue.<\/p>\n\n\n\n<p>1 gramme d&rsquo;agar agar = 3 grammes de g\u00e9latine <strong><br><\/strong>3 grammes de g\u00e9latine = 1 gramme d&rsquo;agar agar<\/p>\n\n\n\n<p>En g\u00e9n\u00e9ral, une feuille de g\u00e9latine fait 2 grammes.<\/p>\n\n\n\n<h3 class=\"wp-block-heading\" id=\"levure\">Levure<\/h3>\n\n\n\n<p>La levure fra\u00eeche de boulanger s&rsquo;ach\u00e8te chez votre boulanger ou dans certains supermarch\u00e9s. Elle est soit emball\u00e9e sous la forme de cube, soit en vrac. Elle se conserve au r\u00e9frig\u00e9rateur.<\/p>\n\n\n\n<p>Vous pouvez utiliser de la levure d\u00e9shydrat\u00e9e. Il faut en utiliser 2,5 \u00e0 3 fois moins que de levure fraiche.<\/p>\n\n\n\n<p>4 gramme de levure d\u00e9shydrat\u00e9e = 10 grammes de levure fraiche<\/p>\n\n\n\n<p><\/p>\n\n\n\n<h3 class=\"wp-block-heading\" id=\"fleur-d-oranger\">Fleur d&rsquo;Oranger<\/h3>\n\n\n\n<p>L&rsquo;eau de fleur d&rsquo;oranger se trouve en supermarch\u00e9 mais il s&rsquo;agit g\u00e9n\u00e9ralement d&rsquo;un ar\u00f4me. Je lui pr\u00e9f\u00e8re l&rsquo;hydrolat naturel qu&rsquo;on trouve en magasin bio par exemple. Dans ce cas, comptez entre 2 \u00e0 3 bouchons.<\/p>\n","protected":false},"excerpt":{"rendered":"<p>G\u00e9latine et Agar-agar La g\u00e9latine est g\u00e9n\u00e9ralement produite \u00e0 base de porc (plus rarement de bovin), raison pour laquelle je lui pr\u00e9f\u00e8re l&rsquo;agar-agar produite \u00e0 &hellip; <\/p>\n","protected":false},"author":1,"featured_media":0,"parent":0,"menu_order":0,"comment_status":"closed","ping_status":"closed","template":"","meta":{"wprm-recipe-roundup-name":"","wprm-recipe-roundup-description":"","footnotes":""},"class_list":["post-90","page","type-page","status-publish","hentry"],"_links":{"self":[{"href":"https:\/\/recettes.lesmournandises.fr\/index.php\/wp-json\/wp\/v2\/pages\/90","targetHints":{"allow":["GET"]}}],"collection":[{"href":"https:\/\/recettes.lesmournandises.fr\/index.php\/wp-json\/wp\/v2\/pages"}],"about":[{"href":"https:\/\/recettes.lesmournandises.fr\/index.php\/wp-json\/wp\/v2\/types\/page"}],"author":[{"embeddable":true,"href":"https:\/\/recettes.lesmournandises.fr\/index.php\/wp-json\/wp\/v2\/users\/1"}],"replies":[{"embeddable":true,"href":"https:\/\/recettes.lesmournandises.fr\/index.php\/wp-json\/wp\/v2\/comments?post=90"}],"version-history":[{"count":7,"href":"https:\/\/recettes.lesmournandises.fr\/index.php\/wp-json\/wp\/v2\/pages\/90\/revisions"}],"predecessor-version":[{"id":235,"href":"https:\/\/recettes.lesmournandises.fr\/index.php\/wp-json\/wp\/v2\/pages\/90\/revisions\/235"}],"wp:attachment":[{"href":"https:\/\/recettes.lesmournandises.fr\/index.php\/wp-json\/wp\/v2\/media?parent=90"}],"curies":[{"name":"wp","href":"https:\/\/api.w.org\/{rel}","templated":true}]}}